{"id":1574,"date":"2024-11-13T19:54:43","date_gmt":"2024-11-13T19:54:43","guid":{"rendered":"https:\/\/www.ambercoveport.spinuhost.com\/informacion-sobre-puertos-y-agencias\/"},"modified":"2025-07-29T13:41:11","modified_gmt":"2025-07-29T13:41:11","slug":"informacion-sobre-puertos-y-agencias","status":"publish","type":"page","link":"https:\/\/www.ambercoveport.spinuhost.com\/es\/informacion-sobre-puertos-y-agencias\/","title":{"rendered":"Informaci\u00f3n sobre puertos y agencias"},"content":{"rendered":"\n<div style=\"--spacer-height:1rem;--spacer-mobile-height:2rem\" class=\"wp-block-carnival-ports-advanced-spacer\"><\/div>\n\n<section class=\"wp-block-carnival-ports-banner alignwide\"><div class=\"banner__image\"><img loading=\"lazy\" decoding=\"async\" class=\"banner__image-preview\" src=\"https:\/\/www.ambercoveport.spinuhost.com\/wp-content\/uploads\/2024\/09\/square-16x6.jpg\" alt=\"\" aria-hidden=\"true\" width=\"1600\" height=\"768\" style=\"object-position:43% 34%\"><img class=\"banner__image-full\" src=\"https:\/\/www.ambercoveport.spinuhost.com\/wp-content\/uploads\/2024\/09\/square.jpg\" alt=\"\" width=\"1600\" height=\"768\" style=\"object-position:43% 34%\" loading=\"lazy\" decoding=\"async\"><\/div><div class=\"banner__content\"><div class=\"container\"><div class=\"banner__content-inner\"><div class=\"banner__content-message\"><h1 class=\"banner__title h1\">INFORMACI\u00d3N SOBRE PUERTOS Y AGENCIAS<\/h1><\/div><\/div><\/div><\/div><\/section>\n\n<div style=\"--spacer-height:2rem;--spacer-mobile-height:2rem\" class=\"wp-block-carnival-ports-advanced-spacer\"><\/div>\n\n<h2 class=\"wp-block-heading has-dark-blue-color has-text-color has-link-color wp-elements-7a127e37527b72462dbd0d2f520f162f\"><br\/><strong>CONSULTAS SOBRE RESERVAS Y AMARRES<\/strong><\/h2>\n\n<p>Las reservas con m\u00e1s de 14 d\u00edas de antelaci\u00f3n a la llegada deben hacerse a trav\u00e9s de Carnival Corporation. Para reservas de atraque, ponte en contacto con   <\/p>\n\n<p>Raquel Mota<br\/>Correo electr\u00f3nico: <a href=\"mailto:rmota@carnival.com\">rmota@carnival.com<\/a> <\/p>\n\n<h2 class=\"wp-block-heading has-dark-blue-color has-text-color has-link-color wp-elements-ab9de9ead637f2c7db5fafcc827b8abe\">INFORMACI\u00d3N DE LA AGENCIA<\/h2>\n\n<p>Agencia Portuaria: Rannik  <\/p>\n\n<p>Kelvin Polanco o Luis Enrique Marte<br\/>Correo electr\u00f3nico: <a href=\"mailto:cruiseops@rannik.com\">cruiseops@rannik.com<\/a><br\/>Tel\u00e9fono &#8211; Kelvin: (809) 754-9389<br\/>Tel\u00e9fono &#8211; Luis: (809) 796-3377  <\/p>\n\n<h2 class=\"wp-block-heading has-dark-blue-color has-text-color has-link-color wp-elements-a884f3ba1082165e9575a9e4989ced26\">SEGURIDAD EN CALA \u00c1MBAR<\/h2>\n\n<p>Johnny Mendoza<br\/>Tel\u00e9fono: (829) 380-7197<br\/>Correo electr\u00f3nico: <a href=\"mailto:jhmendoza@carnival.com\">jhmendoza@carnival.com<\/a><\/p>\n\n<h2 class=\"wp-block-heading has-dark-blue-color has-text-color has-link-color wp-elements-1ed403b1371f0c87fe178e62f1448d28\"><br\/><strong>DIRECTORIO DE TIENDAS Y MERCADOS<\/strong><\/h2>\n\n<figure class=\"wp-block-table\"><table class=\"has-fixed-layout\"><tbody><tr><td><strong>Tipo  <\/strong><\/td><td><strong>Nombre  <\/strong><\/td><td><strong>Tel\u00e9fono  <\/strong><\/td><td><strong>Env\u00eda un correo electr\u00f3nico a<\/strong><\/td><\/tr><tr><td>Comida y bebida  <\/td><td>Caf\u00e9 el Cibao  <\/td><td>809-678-1398  <\/td><td><a href=\"mailto:lscordari@naturabellasrl.com\">lscordari@naturabellasrl.com<\/a><\/td><\/tr><tr><td>Comida y bebida  <\/td><td>Coco Ca\u00f1a  <\/td><td>809-980-6753  <\/td><td><a href=\"mailto:gimbert@ccs.com.do\">gimbert@ccs.com.do<\/a><\/td><\/tr><tr><td>Joyer\u00eda  <\/td><td>Diamantes Internacional  <\/td><td>849-410-2904  <\/td><td><a href=\"mailto:oharari@shopdi.com\">oharari@shopdi.com<\/a><\/td><\/tr><tr><td>Joyer\u00eda  <\/td><td>Mina Blu  <\/td><td>809-841-0954  <\/td><td><a href=\"mailto:ccespedesblumine@gmail.com\">ccespedesblumine@gmail.com<\/a><\/td><\/tr><tr><td>Joyer\u00eda  <\/td><td>Diamante marquesa  <\/td><td>917-447-5160  <\/td><td><a href=\"mailto:philipm212@icloud.com\">philipm212@icloud.com<\/a><\/td><\/tr><tr><td>Joyer\u00eda  <\/td><td>Galer\u00eda del Diamante de Mil\u00e1n  <\/td><td>829-677-7747  <\/td><td><a href=\"mailto:ambercove@milanodg.com\">ambercove@milanodg.com<\/a> <a href=\"https:\/\/shopmilano.com\">https:\/\/shopmilano.com<\/a><\/td><\/tr><tr><td>Joyer\u00eda  <\/td><td>Joyas Effy  <\/td><td>212-730-8889 x222  <\/td><td><a href=\"mailto:rama@effyjewelry.com\">rama@effyjewelry.com<\/a> <\/td><\/tr><tr><td>Joyer\u00eda  <\/td><td>Costa de \u00c1mbar Larimar  <\/td><td>809-996-3650  <\/td><td><a href=\"mailto:dakalarimar@hotmail.com\">dakalarimar@hotmail.com<\/a><\/td><\/tr><tr><td>Venta al por menor  <\/td><td>Dufry  <\/td><td>829-748-5935  <\/td><td><a href=\"mailto:edwin.gonzalez@avolta.net\">edwin.gonzalez@avolta.net<\/a><\/td><\/tr><tr><td>Venta al por menor  <\/td><td>Cariloha y del Sol  <\/td><td>829-482-3668  <\/td><td><a href=\"mailto:dscaambercove@gmail.com\">dscaambercove@gmail.com<\/a><\/td><\/tr><tr><td>Venta al por menor  <\/td><td>Cosas dominicanas  <\/td><td>809-872-0061  <\/td><td><a href=\"mailto:jchahin@dominicanthings.com\">jchahin@dominicanthings.com<\/a><\/td><\/tr><tr><td>Venta al por menor  <\/td><td>Joe Pira\u00f1a  <\/td><td>809-872-0061  <\/td><td><a href=\"mailto:jchahin@dominicanthings.com\">jchahin@dominicanthings.com<\/a><\/td><\/tr><tr><td>Venta al por menor  <\/td><td>Mundo de chocolate  <\/td><td>829-801-2889  <\/td><td><a href=\"mailto:infinitysouvenirs28@gmail.com\">infinitysouvenirs28@gmail.com<\/a><\/td><\/tr><tr><td>Venta al por menor  <\/td><td>Tesoros de la isla  <\/td><td>809-430-2580  <\/td><td><a href=\"mailto:eduardocompres@hotmail.com\">eduardocompres@hotmail.com<\/a><\/td><\/tr><tr><td>Venta al por menor  <\/td><td>Camisetas  <\/td><td>809-430-2580  <\/td><td><a href=\"mailto:eduardocompres@hotmail.com\">eduardocompres@hotmail.com<\/a><\/td><\/tr><tr><td>Venta al por menor  <\/td><td>Turquesa  <\/td><td>809-801-2889  <\/td><td><a href=\"mailto:sosuabeadshop@gmail.com\">sosuabeadshop@gmail.com<\/a><\/td><\/tr><tr><td>Venta al por menor  <\/td><td>Dicha caribe\u00f1a  <\/td><td>809-430-2580  <\/td><td><a href=\"mailto:eduardocompres@hotmail.com\">eduardocompres@hotmail.com<\/a><\/td><\/tr><tr><td>Venta al por menor  <\/td><td>Regalos de Sal Marina y Acentos para el Hogar  <\/td><td>809-801-2889  <\/td><td><a href=\"mailto:sosuabeadshop@gmail.com\">sosuabeadshop@gmail.com<\/a><\/td><\/tr><tr><td>Venta al por menor  <\/td><td>Juego salvaje  <\/td><td>829-936-1070  <\/td><td><a href=\"mailto:crismerymartinez@hotmail.com\">crismerymartinez@hotmail.com<\/a><\/td><\/tr><tr><td>Venta al por menor  <\/td><td>Farmacia Grupo Rescue  <\/td><td>809-586-2342  <\/td><td><a href=\"mailto:Gcpp.pp@claro.net.do\">Gcpp.pp@claro.net.do<\/a><\/td><\/tr><tr><td>Venta al por menor  <\/td><td>Joy Bay srl  <\/td><td>809-510-9485  <\/td><td><a href=\"mailto:sriincorporation@gmail.com\">sriincorporation@gmail.com<\/a><\/td><\/tr><tr><td>Venta al por menor  <\/td><td>Mina Blu 2  <\/td><td>809-841-0954  <\/td><td><a href=\"mailto:ccespedesblumine@gmail.com\">ccespedesblumine@gmail.com<\/a><\/td><\/tr><tr><td>Venta al por menor  <\/td><td>Recuerdos del ataque de un tibur\u00f3n  <\/td><td>809-801-2889  <\/td><td><a href=\"mailto:sosuabeadshop@gmail.com\">sosuabeadshop@gmail.com<\/a><\/td><\/tr><tr><td>Venta al por menor  <\/td><td>Navidad junto al mar  <\/td><td>809-872-0061  <\/td><td><a href=\"mailto:jchahin@dominicanthings.com\">jchahin@dominicanthings.com<\/a><\/td><\/tr><tr><td>Venta al por menor  <\/td><td>Tienda libre de impuestos Arantza  <\/td><td>809-383-2416 809-543-2361<\/td><td><a href=\"mailto:penelopelopecaf@hotmail.es\">penelopelopecaf@hotmail.es<\/a> <a href=\"mailto:caribbeansouvenir@gmail.com\">caribbeansouvenir@gmail.com<\/a><\/td><\/tr><tr><td>Venta al por menor  <\/td><td>Joy Cuero  <\/td><td>809-510-9485  <\/td><td><a href=\"mailto:sriincorporation@gmail.com\">sriincorporation@gmail.com<\/a><\/td><\/tr><tr><td>Otros  <\/td><td>Centro de Tripulaci\u00f3n de la Bah\u00eda de Maimon  <\/td><td>809-697-0030  <\/td><td><a href=\"mailto:nuevocolor@claro.net.do\">nuevocolor@claro.net.do<\/a><\/td><\/tr><\/tbody><\/table><\/figure>\n\n<div style=\"--spacer-height:2rem;--spacer-mobile-height:2rem\" class=\"wp-block-carnival-ports-advanced-spacer\"><\/div>\n\n<h2 class=\"wp-block-heading has-dark-blue-color has-text-color has-link-color wp-elements-4bdb3015ab9f2e00460e61d8a4322a77\"><strong>CONSULTAS PORTUARIAS GENERALES  <\/strong><\/h2>\n\n<p>C\u00f3mo llegar: KM 10 Carretera Puerto Plata Navarrete, Rep\u00fablica Dominicana<br\/>Tel\u00e9fono: (829) 735-0272<\/p>\n\n<p>Para otras preguntas, <a href=\"https:\/\/www.ambercoveport.spinuhost.com\/es\/ponte-en-contacto-con\/\" data-type=\"page\" data-id=\"45\">rellena el formulario aqu\u00ed<\/a> o env\u00eda un correo electr\u00f3nico <a href=\"mailto:info@ambercove.com\">a info@ambercove.com.<\/a><\/p>\n\n<div style=\"--spacer-height:6rem;--spacer-mobile-height:2rem\" class=\"wp-block-carnival-ports-advanced-spacer\"><\/div>\n","protected":false},"excerpt":{"rendered":"<p>CONSULTAS SOBRE RESERVAS Y AMARRES Las reservas con m\u00e1s de 14 d\u00edas de antelaci\u00f3n a la llegada deben hacerse a trav\u00e9s de Carnival Corporation. Para reservas de atraque, ponte en [&hellip;]<\/p>\n","protected":false},"author":2,"featured_media":0,"parent":0,"menu_order":0,"comment_status":"closed","ping_status":"closed","template":"","meta":{"_acf_changed":false,"footnotes":""},"class_list":["post-1574","page","type-page","status-publish","hentry"],"acf":[],"_links":{"self":[{"href":"https:\/\/www.ambercoveport.spinuhost.com\/es\/wp-json\/wp\/v2\/pages\/1574","targetHints":{"allow":["GET"]}}],"collection":[{"href":"https:\/\/www.ambercoveport.spinuhost.com\/es\/wp-json\/wp\/v2\/pages"}],"about":[{"href":"https:\/\/www.ambercoveport.spinuhost.com\/es\/wp-json\/wp\/v2\/types\/page"}],"author":[{"embeddable":true,"href":"https:\/\/www.ambercoveport.spinuhost.com\/es\/wp-json\/wp\/v2\/users\/2"}],"replies":[{"embeddable":true,"href":"https:\/\/www.ambercoveport.spinuhost.com\/es\/wp-json\/wp\/v2\/comments?post=1574"}],"version-history":[{"count":1,"href":"https:\/\/www.ambercoveport.spinuhost.com\/es\/wp-json\/wp\/v2\/pages\/1574\/revisions"}],"predecessor-version":[{"id":1575,"href":"https:\/\/www.ambercoveport.spinuhost.com\/es\/wp-json\/wp\/v2\/pages\/1574\/revisions\/1575"}],"wp:attachment":[{"href":"https:\/\/www.ambercoveport.spinuhost.com\/es\/wp-json\/wp\/v2\/media?parent=1574"}],"curies":[{"name":"wp","href":"https:\/\/api.w.org\/{rel}","templated":true}]}}