{"id":1571,"date":"2024-09-02T01:04:13","date_gmt":"2024-09-02T01:04:13","guid":{"rendered":"https:\/\/www.ambercoveport.spinuhost.com\/empleo\/"},"modified":"2025-07-29T13:41:10","modified_gmt":"2025-07-29T13:41:10","slug":"empleo","status":"publish","type":"page","link":"https:\/\/www.ambercoveport.spinuhost.com\/es\/empleo\/","title":{"rendered":"Empleo"},"content":{"rendered":"\n<div style=\"--spacer-height:1rem;--spacer-mobile-height:2rem\" class=\"wp-block-carnival-ports-advanced-spacer\"><\/div>\n\n<section class=\"wp-block-carnival-ports-banner alignwide\"><div class=\"banner__image\"><img loading=\"lazy\" decoding=\"async\" class=\"banner__image-preview\" src=\"https:\/\/www.ambercoveport.spinuhost.com\/wp-content\/uploads\/2024\/11\/Amber-Cove-Careers-page-image-16x12.jpg\" alt=\"\" aria-hidden=\"true\" width=\"1600\" height=\"768\" style=\"object-position:52% 65%\"><img class=\"banner__image-full\" src=\"https:\/\/www.ambercoveport.spinuhost.com\/wp-content\/uploads\/2024\/11\/Amber-Cove-Careers-page-image-2133x1600.jpg\" alt=\"\" width=\"1600\" height=\"768\" style=\"object-position:52% 65%\" loading=\"lazy\" decoding=\"async\"><\/div><div class=\"banner__content\"><div class=\"container\"><div class=\"banner__content-inner\"><div class=\"banner__content-message\"><h1 class=\"banner__title h1\">Empleo<\/h1><\/div><\/div><\/div><\/div><\/section>\n\n<section class=\"wp-block-carnival-ports-intro\"><div class=\"container intro_inner\"><div class=\"subheading intro__tagline\">\u00fanete al equipo de Amber Cove<\/div><h1 class=\"h1 intro__title\">trabaja con nosotros<\/h1><div class=\"intro__excerpt\">\u00bfTe interesa unirte a nuestro equipo? Env\u00edanos tu curr\u00edculum haciendo clic en el bot\u00f3n de abajo. <\/div><div class=\"wp-block-carnival-ports-button is-style-blue-filled\"><a class=\"btn\" href=\"mailto:altramirez@carnival.com\"><span class=\"btn__text\">Solicitar ahora<\/span><svg xmlns=\"http:\/\/www.w3.org\/2000\/svg\" viewbox=\"0 0 24 24\" fill=\"none\" stroke=\"currentColor\" stroke-width=\"2\" stroke-linecap=\"round\" stroke-linejoin=\"round\"><path d=\"m9 18 6-6-6-6\"><\/path><\/svg><\/a><\/div><\/div><\/section>\n\n<p class=\"has-text-align-center\">\u00a1S\u00edguenos en <a href=\"https:\/\/www.instagram.com\/ambercoveport\/\">@ambercoveport<\/a> en Instagram para m\u00e1s actualizaciones sobre puestos vacantes y la vida en Amber Cove!<\/p>\n\n<p class=\"has-text-align-center\">Visita la p\u00e1gina de <a href=\"https:\/\/www.ambercoveport.spinuhost.com\/privacy-policy-hr\/\" data-type=\"page\" data-id=\"1124\">Pol\u00edtica de privacidad<\/a> para saber m\u00e1s sobre nuestra recogida y uso de tus datos personales para el proceso de solicitud.<\/p>\n\n<div style=\"--spacer-height:6rem;--spacer-mobile-height:2rem\" class=\"wp-block-carnival-ports-advanced-spacer\"><\/div>\n","protected":false},"excerpt":{"rendered":"<p>\u00a1S\u00edguenos en @ambercoveport en Instagram para m\u00e1s actualizaciones sobre puestos vacantes y la vida en Amber Cove! Visita la p\u00e1gina de Pol\u00edtica de privacidad para saber m\u00e1s sobre nuestra recogida [&hellip;]<\/p>\n","protected":false},"author":1,"featured_media":0,"parent":0,"menu_order":0,"comment_status":"closed","ping_status":"closed","template":"","meta":{"_acf_changed":false,"footnotes":""},"class_list":["post-1571","page","type-page","status-publish","hentry"],"acf":[],"_links":{"self":[{"href":"https:\/\/www.ambercoveport.spinuhost.com\/es\/wp-json\/wp\/v2\/pages\/1571","targetHints":{"allow":["GET"]}}],"collection":[{"href":"https:\/\/www.ambercoveport.spinuhost.com\/es\/wp-json\/wp\/v2\/pages"}],"about":[{"href":"https:\/\/www.ambercoveport.spinuhost.com\/es\/wp-json\/wp\/v2\/types\/page"}],"author":[{"embeddable":true,"href":"https:\/\/www.ambercoveport.spinuhost.com\/es\/wp-json\/wp\/v2\/users\/1"}],"replies":[{"embeddable":true,"href":"https:\/\/www.ambercoveport.spinuhost.com\/es\/wp-json\/wp\/v2\/comments?post=1571"}],"version-history":[{"count":1,"href":"https:\/\/www.ambercoveport.spinuhost.com\/es\/wp-json\/wp\/v2\/pages\/1571\/revisions"}],"predecessor-version":[{"id":1573,"href":"https:\/\/www.ambercoveport.spinuhost.com\/es\/wp-json\/wp\/v2\/pages\/1571\/revisions\/1573"}],"wp:attachment":[{"href":"https:\/\/www.ambercoveport.spinuhost.com\/es\/wp-json\/wp\/v2\/media?parent=1571"}],"curies":[{"name":"wp","href":"https:\/\/api.w.org\/{rel}","templated":true}]}}