{"id":1567,"date":"2024-09-02T01:03:46","date_gmt":"2024-09-02T01:03:46","guid":{"rendered":"https:\/\/www.ambercoveport.spinuhost.com\/informacion-portuaria\/"},"modified":"2025-07-29T13:41:10","modified_gmt":"2025-07-29T13:41:10","slug":"informacion-portuaria","status":"publish","type":"page","link":"https:\/\/www.ambercoveport.spinuhost.com\/es\/informacion-portuaria\/","title":{"rendered":"Informaci\u00f3n Portuaria"},"content":{"rendered":"\n<div style=\"--spacer-height:1rem;--spacer-mobile-height:2rem\" class=\"wp-block-carnival-ports-advanced-spacer\"><\/div>\n\n<section class=\"wp-block-carnival-ports-banner alignwide\"><div class=\"banner__image\"><img loading=\"lazy\" decoding=\"async\" class=\"banner__image-preview\" src=\"https:\/\/www.ambercoveport.spinuhost.com\/wp-content\/uploads\/2024\/09\/carnival-24-port-websites-image-assets-general-1440x810-3-ambercove-1.00-DH-16x9.jpg\" alt=\"\" aria-hidden=\"true\" width=\"1600\" height=\"768\" style=\"object-position:67% 71%\"><img class=\"banner__image-full\" src=\"https:\/\/www.ambercoveport.spinuhost.com\/wp-content\/uploads\/2024\/09\/carnival-24-port-websites-image-assets-general-1440x810-3-ambercove-1.00-DH.jpg\" alt=\"\" width=\"1600\" height=\"768\" style=\"object-position:67% 71%\" loading=\"lazy\" decoding=\"async\"><\/div><div class=\"banner__content\"><div class=\"container\"><div class=\"banner__content-inner\"><div class=\"banner__content-message\"><h1 class=\"banner__title h1\">Informaci\u00f3n portuaria<\/h1><\/div><\/div><\/div><\/div><\/section>\n\n<div style=\"--spacer-height:4rem;--spacer-mobile-height:2rem\" class=\"wp-block-carnival-ports-advanced-spacer\"><\/div>\n\n<h2 class=\"wp-block-heading has-dark-blue-color has-text-color has-link-color wp-elements-9dfca9c4765ff1446ff8d50c0be16e1f\">Mantente al d\u00eda sobre Amber Cove<\/h2>\n\n<p>Enmarcada por las monta\u00f1as verde esmeralda y las aguas turquesas de la Bah\u00eda de Maim\u00f3n, Amber Cove es el lugar donde la belleza natural de la Rep\u00fablica Dominicana se encuentra con la vibrante cultura y la c\u00e1lida hospitalidad. Desde su apertura en 2015, este puerto de 25 acres ha dado la bienvenida a millones de visitantes, fortaleciendo la econom\u00eda de la regi\u00f3n y beneficiando a la comunidad local. <\/p>\n\n<p>Amber Cove combina las comodidades modernas con los impresionantes paisajes y el rico patrimonio de la isla, garantizando que el turismo apoye a las empresas locales, los artesanos y las tradiciones culturales m\u00e1s all\u00e1 del puerto. El animado mercado refleja el esp\u00edritu de Puerto Plata, donde los artesanos elaboran joyas de \u00e1mbar talladas a mano, raras piedras preciosas de Larimar y puros dominicanos liados a mano, compartiendo las tradiciones dominicanas con los visitantes. Los visitantes tambi\u00e9n pueden asistir a demostraciones en directo de artesan\u00eda tradicional, saborear caf\u00e9 dominicano cultivado localmente y chocolate artesanal, y conectar con las historias que hay detr\u00e1s de cada pieza.  <\/p>\n\n<p>Amber Cove se ha comprometido a preservar la belleza pr\u00edstina que hace tan especial a esta regi\u00f3n. A trav\u00e9s de Basura Cero, el puerto se asocia con la comunidad para construir un futuro m\u00e1s limpio y sostenible reduciendo los residuos de los vertederos, ampliando los esfuerzos de reciclaje y promoviendo iniciativas de econom\u00eda circular que creen oportunidades econ\u00f3micas para la poblaci\u00f3n local. La sostenibilidad sigue estando a la vanguardia, con un parque solar recientemente inaugurado que cuenta con m\u00e1s de 1.800 paneles solares, que suministran el 80% de las necesidades energ\u00e9ticas del puerto: uno de los mayores esfuerzos de energ\u00eda renovable de este tipo en la regi\u00f3n.  <\/p>\n\n<p>La educaci\u00f3n y el bienestar tambi\u00e9n son fundamentales para el compromiso de Amber Cove. El puerto colabora con las escuelas locales para ofrecer valiosas experiencias de aprendizaje, mientras que los programas de salud y bienestar garantizan el apoyo tanto a empleados como a residentes. <\/p>\n\n<p>M\u00e1s que un puerto, Amber Cove forma parte de la historia de Puerto Plata: una historia de resistencia, crecimiento y compromiso compartido con un futuro pr\u00f3spero.  <\/p>\n\n<p>Para m\u00e1s informaci\u00f3n sobre las excursiones en tierra, ponte en contacto con tu compa\u00f1\u00eda de cruceros.<\/p>\n\n<div style=\"--spacer-height:2rem;--spacer-mobile-height:2rem\" class=\"wp-block-carnival-ports-advanced-spacer\"><\/div>\n\n<h2 class=\"wp-block-heading has-dark-blue-color has-text-color has-link-color wp-elements-60fcdacb4d3de459debad31b61c948db\">Mapa de Amber Cove<\/h2>\n\n<div style=\"--spacer-height:2rem;--spacer-mobile-height:2rem\" class=\"wp-block-carnival-ports-advanced-spacer\"><\/div>\n<div class=\"wp-block-image\">\n<figure class=\"aligncenter size-full is-resized\"><a href=\"https:\/\/www.ambercoveport.spinuhost.com\/wp-content\/uploads\/2024\/10\/Amber-Cove-Map-2024.jpeg\"><img loading=\"lazy\" decoding=\"async\" width=\"1372\" height=\"681\" src=\"https:\/\/www.ambercoveport.spinuhost.com\/wp-content\/uploads\/2024\/10\/Amber-Cove-Map-2024.jpeg\" alt=\"\" class=\"wp-image-431\" style=\"width:683px;height:auto\" srcset=\"https:\/\/www.ambercoveport.spinuhost.com\/wp-content\/uploads\/2024\/10\/Amber-Cove-Map-2024.jpeg 1372w, https:\/\/www.ambercoveport.spinuhost.com\/wp-content\/uploads\/2024\/10\/Amber-Cove-Map-2024-300x149.jpeg 300w, https:\/\/www.ambercoveport.spinuhost.com\/wp-content\/uploads\/2024\/10\/Amber-Cove-Map-2024-1024x508.jpeg 1024w, https:\/\/www.ambercoveport.spinuhost.com\/wp-content\/uploads\/2024\/10\/Amber-Cove-Map-2024-768x381.jpeg 768w, https:\/\/www.ambercoveport.spinuhost.com\/wp-content\/uploads\/2024\/10\/Amber-Cove-Map-2024-16x8.jpeg 16w, https:\/\/www.ambercoveport.spinuhost.com\/wp-content\/uploads\/2024\/10\/Amber-Cove-Map-2024-556x276.jpeg 556w\" sizes=\"auto, (max-width: 1372px) 100vw, 1372px\" \/><\/a><figcaption class=\"wp-element-caption\">Pulsa para ampliar<\/figcaption><\/figure>\n<\/div>\n<div style=\"--spacer-height:6rem;--spacer-mobile-height:2rem\" class=\"wp-block-carnival-ports-advanced-spacer\"><\/div>\n\n<div class=\"wp-block-carnival-ports-navigation-grid alignwide\"><div class=\"navigation-grid\">\n<div class=\"wp-block-carnival-ports-navigation-card is-style-blue card-size-3\"><img class=\"navigation_card__image\" src=\"https:\/\/www.ambercoveport.spinuhost.com\/wp-content\/uploads\/2024\/09\/carnival-24-port-websites-image-assets-homepage-grid-jobopenings-ambercove-1.01-DH.jpg\" alt=\"\" style=\"object-position:28.000000000000004% 35%\" loading=\"lazy\" decoding=\"async\"><div class=\"navigation_card__inner\"><div class=\"navigation_card__content\"><h3 class=\"h3 navigation_card__title\"><a href=\"https:\/\/www.ambercoveport.spinuhost.com\/port-agency-information\/\" class=\"navigation_card__link\">INFORMACI\u00d3N SOBRE PUERTOS Y AGENCIAS<svg xmlns=\"http:\/\/www.w3.org\/2000\/svg\" width=\"32\" height=\"32\" viewbox=\"0 0 24 24\" fill=\"none\" stroke=\"currentColor\" stroke-width=\"2\" stroke-linecap=\"round\" stroke-linejoin=\"round\"><circle cx=\"12\" cy=\"12\" r=\"10\"\/><path d=\"M8 12h8\"><\/path><path d=\"m12 16 4-4-4-4\"><\/path><\/svg><\/a><\/h3><\/div><\/div><\/div>\n\n\n\n<div class=\"wp-block-carnival-ports-navigation-card is-style-blue card-size-3\"><img class=\"navigation_card__image\" src=\"https:\/\/www.ambercoveport.spinuhost.com\/wp-content\/uploads\/2024\/09\/carnival-24-port-websites-image-assets-homepage-grid-mapsdirection-ambercove-1.01-DH.jpg\" alt=\"\" style=\"object-position:56.99999999999999% 46%\" loading=\"lazy\" decoding=\"async\"><div class=\"navigation_card__inner\"><div class=\"navigation_card__content\"><h3 class=\"h3 navigation_card__title\"><a href=\"https:\/\/www.ambercoveport.spinuhost.com\/es\/informacion-portuaria\/informacion-sobre-taxis-y-coches-de-alquiler\/\" class=\"navigation_card__link\">Informaci\u00f3n sobre taxis y coches de alquiler<svg xmlns=\"http:\/\/www.w3.org\/2000\/svg\" width=\"32\" height=\"32\" viewbox=\"0 0 24 24\" fill=\"none\" stroke=\"currentColor\" stroke-width=\"2\" stroke-linecap=\"round\" stroke-linejoin=\"round\"><circle cx=\"12\" cy=\"12\" r=\"10\"\/><path d=\"M8 12h8\"><\/path><path d=\"m12 16 4-4-4-4\"><\/path><\/svg><\/a><\/h3><\/div><\/div><\/div>\n\n\n\n<div class=\"wp-block-carnival-ports-navigation-card is-style-blue card-size-3\"><img class=\"navigation_card__image\" src=\"https:\/\/www.ambercoveport.spinuhost.com\/wp-content\/uploads\/2024\/09\/carnival-24-port-websites-image-assets-general-810x1440-1-ambercove-1.00-DH-576x1024.jpg\" alt=\"\" style=\"object-position:73% 23%\" loading=\"lazy\" decoding=\"async\"><div class=\"navigation_card__inner\"><div class=\"navigation_card__content\"><h3 class=\"h3 navigation_card__title\"><a href=\"https:\/\/www.ambercoveport.spinuhost.com\/es\/informacion-portuaria\/bodas-en-amber-cove\/\" class=\"navigation_card__link\">Bodas en Amber Cove<svg xmlns=\"http:\/\/www.w3.org\/2000\/svg\" width=\"32\" height=\"32\" viewbox=\"0 0 24 24\" fill=\"none\" stroke=\"currentColor\" stroke-width=\"2\" stroke-linecap=\"round\" stroke-linejoin=\"round\"><circle cx=\"12\" cy=\"12\" r=\"10\"\/><path d=\"M8 12h8\"><\/path><path d=\"m12 16 4-4-4-4\"><\/path><\/svg><\/a><\/h3><\/div><\/div><\/div>\n<\/div><\/div>\n\n<div style=\"--spacer-height:6rem;--spacer-mobile-height:2rem\" class=\"wp-block-carnival-ports-advanced-spacer\"><\/div>\n","protected":false},"excerpt":{"rendered":"<p>Mantente al d\u00eda sobre Amber Cove Enmarcada por las monta\u00f1as verde esmeralda y las aguas turquesas de la Bah\u00eda de Maim\u00f3n, Amber Cove es el lugar donde la belleza natural [&hellip;]<\/p>\n","protected":false},"author":1,"featured_media":0,"parent":0,"menu_order":0,"comment_status":"closed","ping_status":"closed","template":"","meta":{"_acf_changed":false,"footnotes":""},"class_list":["post-1567","page","type-page","status-publish","hentry"],"acf":[],"_links":{"self":[{"href":"https:\/\/www.ambercoveport.spinuhost.com\/es\/wp-json\/wp\/v2\/pages\/1567","targetHints":{"allow":["GET"]}}],"collection":[{"href":"https:\/\/www.ambercoveport.spinuhost.com\/es\/wp-json\/wp\/v2\/pages"}],"about":[{"href":"https:\/\/www.ambercoveport.spinuhost.com\/es\/wp-json\/wp\/v2\/types\/page"}],"author":[{"embeddable":true,"href":"https:\/\/www.ambercoveport.spinuhost.com\/es\/wp-json\/wp\/v2\/users\/1"}],"replies":[{"embeddable":true,"href":"https:\/\/www.ambercoveport.spinuhost.com\/es\/wp-json\/wp\/v2\/comments?post=1567"}],"version-history":[{"count":1,"href":"https:\/\/www.ambercoveport.spinuhost.com\/es\/wp-json\/wp\/v2\/pages\/1567\/revisions"}],"predecessor-version":[{"id":1569,"href":"https:\/\/www.ambercoveport.spinuhost.com\/es\/wp-json\/wp\/v2\/pages\/1567\/revisions\/1569"}],"wp:attachment":[{"href":"https:\/\/www.ambercoveport.spinuhost.com\/es\/wp-json\/wp\/v2\/media?parent=1567"}],"curies":[{"name":"wp","href":"https:\/\/api.w.org\/{rel}","templated":true}]}}