{"id":1551,"date":"2024-09-03T21:13:13","date_gmt":"2024-09-03T21:13:13","guid":{"rendered":"https:\/\/www.ambercoveport.spinuhost.com\/informacion-sobre-taxis-y-coches-de-alquiler\/"},"modified":"2025-07-29T13:41:10","modified_gmt":"2025-07-29T13:41:10","slug":"informacion-sobre-taxis-y-coches-de-alquiler","status":"publish","type":"page","link":"https:\/\/www.ambercoveport.spinuhost.com\/es\/informacion-portuaria\/informacion-sobre-taxis-y-coches-de-alquiler\/","title":{"rendered":"INFORMACI\u00d3N SOBRE TAXIS Y COCHES DE ALQUILER"},"content":{"rendered":"\n<div style=\"--spacer-height:1rem;--spacer-mobile-height:2rem\" class=\"wp-block-carnival-ports-advanced-spacer\"><\/div>\n\n<section class=\"wp-block-carnival-ports-banner alignwide\"><div class=\"banner__image\"><img loading=\"lazy\" decoding=\"async\" class=\"banner__image-preview\" src=\"https:\/\/www.ambercoveport.spinuhost.com\/wp-content\/uploads\/2024\/09\/carnival-24-port-websites-image-assets-homepage-grid-mapsdirection-mahoganybay-1.00-DH-16x10.jpg\" alt=\"\" aria-hidden=\"true\" width=\"1600\" height=\"768\" style=\"object-position:50% 50%\"><img class=\"banner__image-full\" src=\"https:\/\/www.ambercoveport.spinuhost.com\/wp-content\/uploads\/2024\/09\/carnival-24-port-websites-image-assets-homepage-grid-mapsdirection-mahoganybay-1.00-DH.jpg\" alt=\"\" width=\"1600\" height=\"768\" style=\"object-position:50% 50%\" loading=\"lazy\" decoding=\"async\"><\/div><div class=\"banner__content\"><div class=\"container\"><div class=\"banner__content-inner\"><div class=\"banner__content-message\"><h1 class=\"banner__title h1\">Informaci\u00f3n sobre taxis y coches de alquiler<\/h1><\/div><\/div><\/div><\/div><\/section>\n\n<div style=\"--spacer-height:4rem;--spacer-mobile-height:2rem\" class=\"wp-block-carnival-ports-advanced-spacer\"><\/div>\n\n<h2 class=\"wp-block-heading has-dark-blue-color has-text-color has-link-color wp-elements-84df7fa45fc43f870626586a5fe16202\">Informaci\u00f3n sobre coches de alquiler<\/h2>\n\n<figure class=\"wp-block-table\"><table><tbody><tr><td><strong>Agencia<\/strong><\/td><td><strong>Agente<\/strong><\/td><td><strong>N\u00famero de tel\u00e9fono<\/strong><\/td><td><strong>Direcci\u00f3n de correo electr\u00f3nico<\/strong><\/td><td><strong>P\u00e1gina web<\/strong><\/td><\/tr><tr><td><strong>Nacional \/ \u00c1lamo<\/strong><\/td><td>Griselda Castillo<\/td><td>(809) 586-1366<br\/>(809) 583-5543<\/td><td><a href=\"mailto:g.castillo@motorplan.com.do\">g.castillo@motorplan.com.do<\/a><\/td><td><strong>Nacional &#8211; <\/strong><a href=\"http:\/\/www.nationalcar.com.do\/\" target=\"_blank\" rel=\"noreferrer noopener\">www.nationalcar.com.do<\/a><br\/><strong>\u00c1lamo &#8211;<\/strong> <a href=\"http:\/\/alamo.com.do\/\" target=\"_blank\" rel=\"noreferrer noopener\">www.alamo.com.do<\/a><\/td><\/tr><\/tbody><\/table><\/figure>\n\n<div style=\"--spacer-height:2rem;--spacer-mobile-height:2rem\" class=\"wp-block-carnival-ports-advanced-spacer\"><\/div>\n\n<h2 class=\"wp-block-heading has-dark-blue-color has-text-color has-link-color wp-elements-7f317a959c581b3c5796070e21ef6e1f\">Informaci\u00f3n sobre taxis<\/h2>\n\n<p>Los taxis son empresas independientes.  <\/p>\n\n<p>Correo electr\u00f3nico: <a href=\"mailto:info@taxiambercove.com\">info@taxiambercove.com<\/a> <\/p>\n\n<p>Contacto: +1 (849) 395-1617<\/p>\n\n<div style=\"--spacer-height:6rem;--spacer-mobile-height:2rem\" class=\"wp-block-carnival-ports-advanced-spacer\"><\/div>\n\n<p><\/p>\n","protected":false},"excerpt":{"rendered":"<p>Informaci\u00f3n sobre coches de alquiler Agencia Agente N\u00famero de tel\u00e9fono Direcci\u00f3n de correo electr\u00f3nico P\u00e1gina web Nacional \/ \u00c1lamo Griselda Castillo (809) 586-1366(809) 583-5543 g.castillo@motorplan.com.do Nacional &#8211; www.nationalcar.com.do\u00c1lamo &#8211; www.alamo.com.do [&hellip;]<\/p>\n","protected":false},"author":2,"featured_media":0,"parent":1567,"menu_order":0,"comment_status":"closed","ping_status":"closed","template":"","meta":{"_acf_changed":false,"footnotes":""},"class_list":["post-1551","page","type-page","status-publish","hentry"],"acf":[],"_links":{"self":[{"href":"https:\/\/www.ambercoveport.spinuhost.com\/es\/wp-json\/wp\/v2\/pages\/1551","targetHints":{"allow":["GET"]}}],"collection":[{"href":"https:\/\/www.ambercoveport.spinuhost.com\/es\/wp-json\/wp\/v2\/pages"}],"about":[{"href":"https:\/\/www.ambercoveport.spinuhost.com\/es\/wp-json\/wp\/v2\/types\/page"}],"author":[{"embeddable":true,"href":"https:\/\/www.ambercoveport.spinuhost.com\/es\/wp-json\/wp\/v2\/users\/2"}],"replies":[{"embeddable":true,"href":"https:\/\/www.ambercoveport.spinuhost.com\/es\/wp-json\/wp\/v2\/comments?post=1551"}],"version-history":[{"count":1,"href":"https:\/\/www.ambercoveport.spinuhost.com\/es\/wp-json\/wp\/v2\/pages\/1551\/revisions"}],"predecessor-version":[{"id":1552,"href":"https:\/\/www.ambercoveport.spinuhost.com\/es\/wp-json\/wp\/v2\/pages\/1551\/revisions\/1552"}],"up":[{"embeddable":true,"href":"https:\/\/www.ambercoveport.spinuhost.com\/es\/wp-json\/wp\/v2\/pages\/1567"}],"wp:attachment":[{"href":"https:\/\/www.ambercoveport.spinuhost.com\/es\/wp-json\/wp\/v2\/media?parent=1551"}],"curies":[{"name":"wp","href":"https:\/\/api.w.org\/{rel}","templated":true}]}}