{"id":1543,"date":"2024-10-30T15:32:23","date_gmt":"2024-10-30T15:32:23","guid":{"rendered":"https:\/\/www.ambercoveport.spinuhost.com\/preguntas-frecuentes\/"},"modified":"2025-07-30T14:20:12","modified_gmt":"2025-07-30T14:20:12","slug":"preguntas-frecuentes","status":"publish","type":"page","link":"https:\/\/www.ambercoveport.spinuhost.com\/es\/preguntas-frecuentes\/","title":{"rendered":"Preguntas frecuentes"},"content":{"rendered":"\n<div style=\"--spacer-height:1rem;--spacer-mobile-height:2rem\" class=\"wp-block-carnival-ports-advanced-spacer\"><\/div>\n\n\n\n<section class=\"wp-block-carnival-ports-banner alignwide\"><div class=\"banner__image\"><img loading=\"lazy\" decoding=\"async\" class=\"banner__image-preview\" src=\"https:\/\/www.ambercoveport.spinuhost.com\/wp-content\/uploads\/2024\/09\/carnival-24-port-websites-image-assets-homepage-grid-localinformation-ambercove-1.01-DH-16x10.jpg\" alt=\"\" aria-hidden=\"true\" width=\"1600\" height=\"768\" style=\"object-position:46% 70%\"\/><img class=\"banner__image-full\" src=\"https:\/\/www.ambercoveport.spinuhost.com\/wp-content\/uploads\/2024\/09\/carnival-24-port-websites-image-assets-homepage-grid-localinformation-ambercove-1.01-DH.jpg\" alt=\"\" width=\"1600\" height=\"768\" style=\"object-position:46% 70%\" loading=\"lazy\" decoding=\"async\"\/><\/div><div class=\"banner__content\"><div class=\"container\"><div class=\"banner__content-inner\"><div class=\"banner__content-message\"><h1 class=\"banner__title h1\">Frequently Asked Questions<\/h1><\/div><\/div><\/div><\/div><\/section>\n\n\n\n<div style=\"--spacer-height:4rem;--spacer-mobile-height:2rem\" class=\"wp-block-carnival-ports-advanced-spacer\"><\/div>\n\n\n\n<div id=\"accordion-m2w1a39e\" data-single=\"true\" class=\"wp-block-carnival-ports-accordion\"><h2 class=\"h1 accordion__title\">Preguntas frecuentes<\/h2><div class=\"accordion__inner\" style=\"--accordion-spacing:0rem\">\n<div id=\"disclosure-m3xc5ivq\" data-expanded=\"false\" class=\"wp-block-carnival-ports-disclosure\"><h3 class=\"block-disclosure__heading\"><button class=\"block-disclosure__trigger\" type=\"button\" id=\"trigger-disclosure-m3xc5ivq\" aria-controls=\"panel-disclosure-m3xc5ivq\" aria-expanded=\"false\"><span class=\"block-disclosure__text\">\u00bfQu\u00e9 hacer en Amber Cove?<\/span><svg xmlns=\"http:\/\/www.w3.org\/2000\/svg\" width=\"32\" height=\"32\" viewBox=\"0 0 24 24\" fill=\"none\" stroke=\"currentColor\" stroke-width=\"2\" stroke-linecap=\"round\" stroke-linejoin=\"round\"><path d=\"m6 9 6 6 6-6\"><\/path><\/svg><\/button><\/h3><div id=\"panel-disclosure-m3xc5ivq\" role=\"region\" aria-labelledby=\"trigger-disclosure-m3xc5ivq\" class=\"block-disclosure__panel\"><div class=\"block-disclosure__panel-inner\">\n<p>La Zona Acu\u00e1tica:<br>Amber Cove cuenta con acceso directo a una enorme piscina lounge, as\u00ed como con una serie de opciones que van desde toboganes y tirolinas hasta una experiencia de retiro m\u00e1s relajante en una de nuestras diversas caba\u00f1as con servicios y comodidades de primera clase. Tambi\u00e9n tienes a tu disposici\u00f3n kayaks, tablas de paddle surf y otros juguetes acu\u00e1ticos si quieres contemplar m\u00e1s de cerca la hermosa cala y el paisaje monta\u00f1oso circundante. La Zona Acu\u00e1tica est\u00e1 a s\u00f3lo unos pasos del embarcadero, \u00a1donde seguro que te espera \u00abdiversi\u00f3n bajo el sol\u00bb para toda la familia!  <br><\/p>\n\n\n\n<p>Comida y golosinas:<br>Amber Cove alberga cinco establecimientos de comida y bebida. En Coco Ca\u00f1a puedes tomar uno de los c\u00f3cteles de autor disponibles o un bocado, incluidos los favoritos americanos con sabrosos toques dominicanos. Las ubicaciones est\u00e1n entre las tiendas, junto a la piscina en el swim-up bar o por encima de todo en el Sky Bar, \u00a1con las mejores vistas y oportunidades fotogr\u00e1ficas del puerto! P\u00e1sate tambi\u00e9n por El Cibao Caf\u00e9 para probar una variedad de caf\u00e9s de origen local o incluso llevarte un paquete a casa.   <br><\/p>\n\n\n\n<p>Experiencia de compras:<br>Aseg\u00farate de dejarte tiempo suficiente para pasear por el centro de bienvenida, que cuenta con una gran variedad de ropa \u00fanica, recuerdos locales, un mercado de artesan\u00eda, arte, farmacia y joyer\u00eda de alta gama. A diferencia de cualquier otro destino, la joyer\u00eda dominicana es famosa por sus exclusivas piedras aut\u00f3ctonas de \u00c1mbar y Larimar, que puedes encontrar a la venta en el mismo puerto. <\/p>\n<\/div><\/div><\/div>\n\n\n\n<div id=\"disclosure-m3xc6okx\" data-expanded=\"false\" class=\"wp-block-carnival-ports-disclosure\"><h3 class=\"block-disclosure__heading\"><button class=\"block-disclosure__trigger\" type=\"button\" id=\"trigger-disclosure-m3xc6okx\" aria-controls=\"panel-disclosure-m3xc6okx\" aria-expanded=\"false\"><span class=\"block-disclosure__text\">\u00bfC\u00f3mo reservar excursiones en tierra?<\/span><svg xmlns=\"http:\/\/www.w3.org\/2000\/svg\" width=\"32\" height=\"32\" viewBox=\"0 0 24 24\" fill=\"none\" stroke=\"currentColor\" stroke-width=\"2\" stroke-linecap=\"round\" stroke-linejoin=\"round\"><path d=\"m6 9 6 6 6-6\"><\/path><\/svg><\/button><\/h3><div id=\"panel-disclosure-m3xc6okx\" role=\"region\" aria-labelledby=\"trigger-disclosure-m3xc6okx\" class=\"block-disclosure__panel\"><div class=\"block-disclosure__panel-inner\">\n<p>Las excursiones en tierra pueden reservarse con antelaci\u00f3n a trav\u00e9s del sitio web de tu l\u00ednea de cruceros, en la secci\u00f3n \u00abExcursi\u00f3n en tierra\u00bb. S\u00f3lo tienes que acceder a tu cuenta, navegar hasta la p\u00e1gina de excursiones en tierra y seleccionar las excursiones que deseas reservar. Aseg\u00farate de reservar con antelaci\u00f3n, ya que las excursiones m\u00e1s populares pueden llenarse r\u00e1pidamente.  <\/p>\n<\/div><\/div><\/div>\n\n\n\n<div id=\"disclosure-m3xc766a\" data-expanded=\"false\" class=\"wp-block-carnival-ports-disclosure\"><h3 class=\"block-disclosure__heading\"><button class=\"block-disclosure__trigger\" type=\"button\" id=\"trigger-disclosure-m3xc766a\" aria-controls=\"panel-disclosure-m3xc766a\" aria-expanded=\"false\"><span class=\"block-disclosure__text\">\u00bfPuedo visitar Amber Cove si no estoy en un crucero?<\/span><svg xmlns=\"http:\/\/www.w3.org\/2000\/svg\" width=\"32\" height=\"32\" viewBox=\"0 0 24 24\" fill=\"none\" stroke=\"currentColor\" stroke-width=\"2\" stroke-linecap=\"round\" stroke-linejoin=\"round\"><path d=\"m6 9 6 6 6-6\"><\/path><\/svg><\/button><\/h3><div id=\"panel-disclosure-m3xc766a\" role=\"region\" aria-labelledby=\"trigger-disclosure-m3xc766a\" class=\"block-disclosure__panel\"><div class=\"block-disclosure__panel-inner\">\n<p>Agradecemos tu inter\u00e9s por Amber Cove. Actualmente, nuestras instalaciones est\u00e1n disponibles exclusivamente para pasajeros de cruceros. Esperamos darte pronto la bienvenida a bordo de un crucero para que puedas disfrutar de todo lo que Amber Cove puede ofrecerte.  <\/p>\n<\/div><\/div><\/div>\n\n\n\n<div id=\"disclosure-m3xc7fpt\" data-expanded=\"false\" class=\"wp-block-carnival-ports-disclosure\"><h3 class=\"block-disclosure__heading\"><button class=\"block-disclosure__trigger\" type=\"button\" id=\"trigger-disclosure-m3xc7fpt\" aria-controls=\"panel-disclosure-m3xc7fpt\" aria-expanded=\"false\"><span class=\"block-disclosure__text\">\u00bfCu\u00e1les son las opciones de transporte para salir de Amber Cove?<\/span><svg xmlns=\"http:\/\/www.w3.org\/2000\/svg\" width=\"32\" height=\"32\" viewBox=\"0 0 24 24\" fill=\"none\" stroke=\"currentColor\" stroke-width=\"2\" stroke-linecap=\"round\" stroke-linejoin=\"round\"><path d=\"m6 9 6 6 6-6\"><\/path><\/svg><\/button><\/h3><div id=\"panel-disclosure-m3xc7fpt\" role=\"region\" aria-labelledby=\"trigger-disclosure-m3xc7fpt\" class=\"block-disclosure__panel\"><div class=\"block-disclosure__panel-inner\">\n<p>Hay opciones para desplazarse fuera del centro de cruceros, consulta la p\u00e1gina <a href=\"https:\/\/www.ambercoveport.spinuhost.com\/es\/informacion-portuaria\/informacion-sobre-taxis-y-coches-de-alquiler\/\" data-type=\"page\" data-id=\"197\">Informaci\u00f3n sobre taxis y coches de alquiler<\/a>.<\/p>\n<\/div><\/div><\/div>\n\n\n\n<div id=\"disclosure-m3xc7qhc\" data-expanded=\"false\" class=\"wp-block-carnival-ports-disclosure\"><h3 class=\"block-disclosure__heading\"><button class=\"block-disclosure__trigger\" type=\"button\" id=\"trigger-disclosure-m3xc7qhc\" aria-controls=\"panel-disclosure-m3xc7qhc\" aria-expanded=\"false\"><span class=\"block-disclosure__text\">\u00bfHay cajeros autom\u00e1ticos en el centro de cruceros?<\/span><svg xmlns=\"http:\/\/www.w3.org\/2000\/svg\" width=\"32\" height=\"32\" viewBox=\"0 0 24 24\" fill=\"none\" stroke=\"currentColor\" stroke-width=\"2\" stroke-linecap=\"round\" stroke-linejoin=\"round\"><path d=\"m6 9 6 6 6-6\"><\/path><\/svg><\/button><\/h3><div id=\"panel-disclosure-m3xc7qhc\" role=\"region\" aria-labelledby=\"trigger-disclosure-m3xc7qhc\" class=\"block-disclosure__panel\"><div class=\"block-disclosure__panel-inner\">\n<p>Hay un cajero autom\u00e1tico en el centro de cruceros que s\u00f3lo dispensa pesos dominicanos.<\/p>\n<\/div><\/div><\/div>\n<\/div><\/div>\n\n\n\n<div style=\"--spacer-height:6rem;--spacer-mobile-height:2rem\" class=\"wp-block-carnival-ports-advanced-spacer\"><\/div>\n\n\n\n<p><\/p>\n","protected":false},"excerpt":{"rendered":"","protected":false},"author":2,"featured_media":0,"parent":0,"menu_order":0,"comment_status":"closed","ping_status":"closed","template":"","meta":{"_acf_changed":false,"footnotes":""},"class_list":["post-1543","page","type-page","status-publish","hentry"],"acf":[],"_links":{"self":[{"href":"https:\/\/www.ambercoveport.spinuhost.com\/es\/wp-json\/wp\/v2\/pages\/1543","targetHints":{"allow":["GET"]}}],"collection":[{"href":"https:\/\/www.ambercoveport.spinuhost.com\/es\/wp-json\/wp\/v2\/pages"}],"about":[{"href":"https:\/\/www.ambercoveport.spinuhost.com\/es\/wp-json\/wp\/v2\/types\/page"}],"author":[{"embeddable":true,"href":"https:\/\/www.ambercoveport.spinuhost.com\/es\/wp-json\/wp\/v2\/users\/2"}],"replies":[{"embeddable":true,"href":"https:\/\/www.ambercoveport.spinuhost.com\/es\/wp-json\/wp\/v2\/comments?post=1543"}],"version-history":[{"count":5,"href":"https:\/\/www.ambercoveport.spinuhost.com\/es\/wp-json\/wp\/v2\/pages\/1543\/revisions"}],"predecessor-version":[{"id":1594,"href":"https:\/\/www.ambercoveport.spinuhost.com\/es\/wp-json\/wp\/v2\/pages\/1543\/revisions\/1594"}],"wp:attachment":[{"href":"https:\/\/www.ambercoveport.spinuhost.com\/es\/wp-json\/wp\/v2\/media?parent=1543"}],"curies":[{"name":"wp","href":"https:\/\/api.w.org\/{rel}","templated":true}]}}